{"id":53,"date":"2022-04-02T00:34:27","date_gmt":"2022-04-02T00:34:27","guid":{"rendered":"http:\/\/republicabeligerante.com\/?page_id=53"},"modified":"2022-04-02T07:11:16","modified_gmt":"2022-04-02T07:11:16","slug":"tratados","status":"publish","type":"page","link":"https:\/\/republicabeligerante.com\/index.php\/tratados\/","title":{"rendered":"Tratados"},"content":{"rendered":"\n<p>Lista de tratados pendientes de revisi\u00f3n a los que la Rep\u00fablica Beligerante declara mediante la presente que estudia para su firma, ratificado y adhesi\u00f3n.<\/p>\n\n\n\n<h3 class=\"wp-block-heading\">A<\/h3>\n\n\n\n<ul class=\"wp-block-list\"><li><a href=\"https:\/\/es.wikipedia.org\/wiki\/Acuerdo_de_Par%C3%ADs\">Acuerdo de Par\u00eds<\/a><\/li><li><a href=\"https:\/\/es.wikipedia.org\/wiki\/Acuerdo_General_sobre_Aranceles_Aduaneros_y_Comercio\">Acuerdo General sobre Aranceles Aduaneros y Comercio<\/a><\/li><li><a href=\"https:\/\/es.wikipedia.org\/wiki\/Acuerdo_General_sobre_el_Comercio_de_Servicios\">Acuerdo General sobre el Comercio de Servicios<\/a><\/li><li><a href=\"https:\/\/es.wikipedia.org\/wiki\/Acuerdo_sobre_la_Aplicaci%C3%B3n_de_Medidas_Sanitarias_y_Fitosanitarias\">Acuerdo sobre la Aplicaci\u00f3n de Medidas Sanitarias y Fitosanitarias<\/a><\/li><li><a href=\"https:\/\/es.wikipedia.org\/wiki\/Acuerdo_sobre_los_Aspectos_de_los_Derechos_de_Propiedad_Intelectual_relacionados_con_el_Comercio\">Acuerdo sobre los Aspectos de los Derechos de Propiedad Intelectual relacionados con el Comercio<\/a><\/li><li><a href=\"https:\/\/es.wikipedia.org\/wiki\/AEWA\">AEWA<\/a><\/li><\/ul>\n\n\n\n<h3 class=\"wp-block-heading\">C<\/h3>\n\n\n\n<ul class=\"wp-block-list\"><li><a href=\"https:\/\/es.wikipedia.org\/wiki\/Carta_Europea_de_las_Lenguas_Minoritarias_o_Regionales\">Carta Europea de las Lenguas Minoritarias o Regionales<\/a><\/li><li><a href=\"https:\/\/es.wikipedia.org\/wiki\/Convenci%C3%B3n_contra_la_tortura_y_otros_tratos_o_penas_crueles,_inhumanas_o_degradantes\">Convenci\u00f3n contra la tortura y otros tratos o penas crueles, inhumanas o degradantes<\/a><\/li><li><a href=\"https:\/\/es.wikipedia.org\/wiki\/Convenci%C3%B3n_de_Basilea\">Convenci\u00f3n de Basilea<\/a><\/li><li><a href=\"https:\/\/es.wikipedia.org\/wiki\/Convenci%C3%B3n_de_Estocolmo\">Convenci\u00f3n de Estocolmo<\/a><\/li><li><a href=\"https:\/\/es.wikipedia.org\/wiki\/Convenci%C3%B3n_de_las_Naciones_Unidas_contra_la_Corrupci%C3%B3n\">Convenci\u00f3n de las Naciones Unidas contra la Corrupci\u00f3n<\/a><\/li><li><a href=\"https:\/\/es.wikipedia.org\/wiki\/Convenci%C3%B3n_de_las_Naciones_Unidas_contra_la_Delincuencia_Organizada_Transnacional\">Convenci\u00f3n de las Naciones Unidas contra la Delincuencia Organizada Transnacional<\/a><\/li><li><a href=\"https:\/\/es.wikipedia.org\/wiki\/Convenci%C3%B3n_de_las_Naciones_Unidas_de_Lucha_contra_la_Desertificaci%C3%B3n\">Convenci\u00f3n de las Naciones Unidas de Lucha contra la Desertificaci\u00f3n<\/a><\/li><li><a href=\"https:\/\/es.wikipedia.org\/wiki\/Convenci%C3%B3n_de_las_Naciones_Unidas_sobre_el_Derecho_del_Mar\">Convenci\u00f3n de las Naciones Unidas sobre el Derecho del Mar<\/a><\/li><li><a href=\"https:\/\/es.wikipedia.org\/wiki\/Convenci%C3%B3n_de_las_Naciones_Unidas_sobre_los_Contratos_de_Compraventa_Internacional_de_Mercader%C3%ADas\">Convenci\u00f3n de las Naciones Unidas sobre los Contratos de Compraventa Internacional de Mercader\u00edas<\/a><\/li><li><a href=\"https:\/\/es.wikipedia.org\/wiki\/Convenci%C3%B3n_de_Pr%C3%BCm\">Convenci\u00f3n de Pr\u00fcm<\/a><\/li><li><a href=\"https:\/\/es.wikipedia.org\/wiki\/Convenci%C3%B3n_de_Viena_sobre_el_Derecho_de_los_Tratados_celebrados_entre_Estados_y_Organizaciones_Internacionales_o_entre_Organizaciones_Internacionales\">Convenci\u00f3n de Viena sobre el Derecho de los Tratados celebrados entre Estados y Organizaciones Internacionales o entre Organizaciones Internacionales<\/a><\/li><li><a href=\"https:\/\/es.wikipedia.org\/wiki\/Convenci%C3%B3n_Europea_de_Derechos_Humanos\">Convenci\u00f3n Europea de Derechos Humanos<\/a><\/li><li><a href=\"https:\/\/es.wikipedia.org\/wiki\/Convenci%C3%B3n_Internacional_de_Protecci%C3%B3n_Fitosanitaria\">Convenci\u00f3n Internacional de Protecci\u00f3n Fitosanitaria<\/a><\/li><li><a href=\"https:\/\/es.wikipedia.org\/wiki\/Convenci%C3%B3n_Internacional_del_Opio\">Convenci\u00f3n Internacional del Opio<\/a><\/li><li><a href=\"https:\/\/es.wikipedia.org\/wiki\/Convenci%C3%B3n_Internacional_para_la_protecci%C3%B3n_de_todas_las_Personas_contra_las_Desapariciones_Forzadas\">Convenci\u00f3n Internacional para la protecci\u00f3n de todas las Personas contra las Desapariciones Forzadas<\/a><\/li><li><a href=\"https:\/\/es.wikipedia.org\/wiki\/Convenci%C3%B3n_Internacional_sobre_los_Derechos_de_las_Personas_con_Discapacidad\">Convenci\u00f3n Internacional sobre los Derechos de las Personas con Discapacidad<\/a><\/li><li><a href=\"https:\/\/es.wikipedia.org\/wiki\/Convenci%C3%B3n_Marco_de_las_Naciones_Unidas_sobre_el_Cambio_Clim%C3%A1tico\">Convenci\u00f3n Marco de las Naciones Unidas sobre el Cambio Clim\u00e1tico<\/a><\/li><li><a href=\"https:\/\/es.wikipedia.org\/wiki\/Convenci%C3%B3n_para_la_Conservaci%C3%B3n_de_Recursos_Vivos_Marinos_Ant%C3%A1rticos\">Convenci\u00f3n para la Conservaci\u00f3n de Recursos Vivos Marinos Ant\u00e1rticos<\/a><\/li><li><a href=\"https:\/\/es.wikipedia.org\/wiki\/Convenci%C3%B3n_para_la_Prevenci%C3%B3n_y_la_Sanci%C3%B3n_del_Delito_de_Genocidio\">Convenci\u00f3n para la Prevenci\u00f3n y la Sanci\u00f3n del Delito de Genocidio<\/a><\/li><li><a href=\"https:\/\/es.wikipedia.org\/wiki\/Convenci%C3%B3n_para_la_Protecci%C3%B3n_de_los_Bienes_Culturales_en_caso_de_Conflicto_Armado\">Convenci\u00f3n para la Protecci\u00f3n de los Bienes Culturales en caso de Conflicto Armado<\/a><\/li><li><a href=\"https:\/\/es.wikipedia.org\/wiki\/Convenci%C3%B3n_para_la_Protecci%C3%B3n_del_Medio_Ambiente_Marino_del_Atl%C3%A1ntico_del_Nordeste\">Convenci\u00f3n para la Protecci\u00f3n del Medio Ambiente Marino del Atl\u00e1ntico del Nordeste<\/a><\/li><li><a href=\"https:\/\/es.wikipedia.org\/wiki\/Convenci%C3%B3n_sobre_armas_biol%C3%B3gicas\">Convenci\u00f3n sobre armas biol\u00f3gicas<\/a><\/li><li><a href=\"https:\/\/es.wikipedia.org\/wiki\/Convenci%C3%B3n_sobre_Armas_Qu%C3%ADmicas\">Convenci\u00f3n sobre Armas Qu\u00edmicas<\/a><\/li><li><a href=\"https:\/\/es.wikipedia.org\/wiki\/Convenci%C3%B3n_sobre_Ciertas_Armas_Convencionales\">Convenci\u00f3n sobre Ciertas Armas Convencionales<\/a><\/li><li><a href=\"https:\/\/es.wikipedia.org\/wiki\/Convenci%C3%B3n_sobre_el_derecho_de_los_usos_de_los_cursos_de_agua_internacionales_para_fines_distintos_de_la_navegaci%C3%B3n\">Convenci\u00f3n sobre el derecho de los usos de los cursos de agua internacionales para fines distintos de la navegaci\u00f3n<\/a><\/li><li><a href=\"https:\/\/es.wikipedia.org\/wiki\/Convenci%C3%B3n_sobre_el_Estatuto_de_los_Ap%C3%A1tridas\">Convenci\u00f3n sobre el Estatuto de los Ap\u00e1tridas<\/a><\/li><li><a href=\"https:\/\/es.wikipedia.org\/wiki\/Convenci%C3%B3n_sobre_el_Estatuto_de_los_Refugiados\">Convenci\u00f3n sobre el Estatuto de los Refugiados<\/a><\/li><li><a href=\"https:\/\/es.wikipedia.org\/wiki\/Convenci%C3%B3n_sobre_el_reconocimiento_y_ejecuci%C3%B3n_de_las_sentencias_arbitrales_extranjeras\">Convenci\u00f3n sobre el reconocimiento y ejecuci\u00f3n de las sentencias arbitrales extranjeras<\/a><\/li><li><a href=\"https:\/\/es.wikipedia.org\/wiki\/Convenci%C3%B3n_sobre_la_Eliminaci%C3%B3n_de_Todas_las_Formas_de_Discriminaci%C3%B3n_contra_la_Mujer\">Convenci\u00f3n sobre la Eliminaci\u00f3n de Todas las Formas de Discriminaci\u00f3n contra la Mujer<\/a><\/li><li><a href=\"https:\/\/es.wikipedia.org\/wiki\/Convenci%C3%B3n_sobre_la_prohibici%C3%B3n_de_minas_antipersonales\">Convenci\u00f3n sobre la prohibici\u00f3n de minas antipersonales<\/a><\/li><li><a href=\"https:\/\/es.wikipedia.org\/wiki\/Convenci%C3%B3n_sobre_los_Derechos_del_Ni%C3%B1o\">Convenci\u00f3n sobre los Derechos del Ni\u00f1o<\/a><\/li><li><a href=\"https:\/\/es.wikipedia.org\/wiki\/Convenci%C3%B3n_sobre_los_Derechos_Pol%C3%ADticos_de_la_Mujer\">Convenci\u00f3n sobre los Derechos Pol\u00edticos de la Mujer<\/a><\/li><li><a href=\"https:\/\/es.wikipedia.org\/wiki\/Convenci%C3%B3n_%C3%9Anica_sobre_Estupefacientes\">Convenci\u00f3n \u00danica sobre Estupefacientes<\/a><\/li><li><a href=\"https:\/\/es.wikipedia.org\/wiki\/Convenio_CMR\">Convenio CMR<\/a><\/li><li><a href=\"https:\/\/es.wikipedia.org\/wiki\/Convenio_de_Aarhus\">Convenio de Aarhus<\/a><\/li><li><a href=\"https:\/\/es.wikipedia.org\/wiki\/Convenio_de_Barcelona_para_la_protecci%C3%B3n_del_Mar_Mediterr%C3%A1neo\">Convenio de Barcelona para la protecci\u00f3n del Mar Mediterr\u00e1neo<\/a><\/li><li><a href=\"https:\/\/es.wikipedia.org\/wiki\/Convenio_de_Bonn\">Convenio de Bonn<\/a><\/li><li><a href=\"https:\/\/es.wikipedia.org\/wiki\/Convenio_de_Ramsar\">Convenio de Ramsar<\/a><\/li><li><a href=\"https:\/\/es.wikipedia.org\/wiki\/Convenio_de_R%C3%B3terdam\">Convenio de R\u00f3terdam<\/a><\/li><li><a href=\"https:\/\/es.wikipedia.org\/wiki\/Convenio_de_Viena_para_la_protecci%C3%B3n_de_la_capa_de_ozono\">Convenio de Viena para la protecci\u00f3n de la capa de ozono<\/a><\/li><li><a href=\"https:\/\/es.wikipedia.org\/wiki\/Convenio_del_Consejo_de_Europa_para_la_protecci%C3%B3n_de_los_ni%C3%B1os_contra_la_explotaci%C3%B3n_y_el_abuso_sexual\">Convenio del Consejo de Europa para la protecci\u00f3n de los ni\u00f1os contra la explotaci\u00f3n y el abuso sexual<\/a><\/li><li><a href=\"https:\/\/es.wikipedia.org\/wiki\/Convenio_del_Consejo_de_Europa_sobre_prevenci%C3%B3n_y_lucha_contra_la_violencia_contra_las_mujeres_y_la_violencia_dom%C3%A9stica\">Convenio del Consejo de Europa sobre prevenci\u00f3n y lucha contra la violencia contra las mujeres y la violencia dom\u00e9stica<\/a><\/li><li><a href=\"https:\/\/es.wikipedia.org\/wiki\/Convenio_europeo_para_la_protecci%C3%B3n_de_los_animales_de_compa%C3%B1%C3%ADa\">Convenio europeo para la protecci\u00f3n de los animales de compa\u00f1\u00eda<\/a><\/li><li><a href=\"https:\/\/es.wikipedia.org\/wiki\/Convenio_Internacional_para_la_Seguridad_de_la_Vida_Humana_en_el_Mar\">Convenio Internacional para la Seguridad de la Vida Humana en el Mar<\/a><\/li><li><a href=\"https:\/\/es.wikipedia.org\/wiki\/Convenio_Internacional_para_Prevenir_la_Contaminaci%C3%B3n_por_los_Buques\">Convenio Internacional para Prevenir la Contaminaci\u00f3n por los Buques<\/a><\/li><li><a href=\"https:\/\/es.wikipedia.org\/wiki\/Convenio_Marco_para_el_Control_del_Tabaco\">Convenio Marco para el Control del Tabaco<\/a><\/li><li><a href=\"https:\/\/es.wikipedia.org\/wiki\/Convenio_para_la_represi%C3%B3n_de_actos_il%C3%ADcitos_contra_la_seguridad_de_la_aviaci%C3%B3n_civil\">Convenio para la represi\u00f3n de actos il\u00edcitos contra la seguridad de la aviaci\u00f3n civil<\/a><\/li><li><a href=\"https:\/\/es.wikipedia.org\/wiki\/Convenio_relativo_a_la_Conservaci%C3%B3n_de_la_Vida_Silvestre_y_del_Medio_Natural_de_Europa\">Convenio relativo a la Conservaci\u00f3n de la Vida Silvestre y del Medio Natural de Europa<\/a><\/li><li><a href=\"https:\/\/es.wikipedia.org\/wiki\/Convenio_sobre_asistencia_en_caso_de_accidente_nuclear_o_emergencia_radiol%C3%B3gica\">Convenio sobre asistencia en caso de accidente nuclear o emergencia radiol\u00f3gica<\/a><\/li><li><a href=\"https:\/\/es.wikipedia.org\/wiki\/Convenio_sobre_Aviaci%C3%B3n_Civil_Internacional\">Convenio sobre Aviaci\u00f3n Civil Internacional<\/a><\/li><li><a href=\"https:\/\/es.wikipedia.org\/wiki\/Convenio_sobre_cibercriminalidad\">Convenio sobre cibercriminalidad<\/a><\/li><li><a href=\"https:\/\/es.wikipedia.org\/wiki\/Convenio_sobre_Derechos_Humanos_y_Biomedicina\">Convenio sobre Derechos Humanos y Biomedicina<\/a><\/li><li><a href=\"https:\/\/es.wikipedia.org\/wiki\/Convenio_sobre_el_derecho_de_sindicaci%C3%B3n_y_de_negociaci%C3%B3n_colectiva\">Convenio sobre el derecho de sindicaci\u00f3n y de negociaci\u00f3n colectiva<\/a><\/li><li><a href=\"https:\/\/es.wikipedia.org\/wiki\/Convenio_sobre_igualdad_de_remuneraci%C3%B3n\">Convenio sobre igualdad de remuneraci\u00f3n<\/a><\/li><li><a href=\"https:\/\/es.wikipedia.org\/wiki\/Convenio_sobre_la_abolici%C3%B3n_del_trabajo_forzoso\">Convenio sobre la abolici\u00f3n del trabajo forzoso<\/a><\/li><li><a href=\"https:\/\/es.wikipedia.org\/wiki\/Convenio_sobre_la_contaminaci%C3%B3n_atmosf%C3%A9rica_transfronteriza_a_gran_distancia\">Convenio sobre la contaminaci\u00f3n atmosf\u00e9rica transfronteriza a gran distancia<\/a><\/li><li><a href=\"https:\/\/es.wikipedia.org\/wiki\/Convenio_sobre_la_discriminaci%C3%B3n_(empleo_y_ocupaci%C3%B3n)\">Convenio sobre la discriminaci\u00f3n (empleo y ocupaci\u00f3n)<\/a><\/li><li><a href=\"https:\/\/es.wikipedia.org\/wiki\/Convenio_sobre_la_Diversidad_Biol%C3%B3gica\">Convenio sobre la Diversidad Biol\u00f3gica<\/a><\/li><li><a href=\"https:\/\/es.wikipedia.org\/wiki\/Convenio_sobre_la_edad_m%C3%ADnima\">Convenio sobre la edad m\u00ednima<\/a><\/li><li><a href=\"https:\/\/es.wikipedia.org\/wiki\/Convenio_sobre_la_libertad_sindical_y_la_protecci%C3%B3n_del_derecho_de_sindicaci%C3%B3n\">Convenio sobre la libertad sindical y la protecci\u00f3n del derecho de sindicaci\u00f3n<\/a><\/li><li><a href=\"https:\/\/es.wikipedia.org\/wiki\/Convenio_sobre_la_Patente_Europea\">Convenio sobre la Patente Europea<\/a><\/li><li><a href=\"https:\/\/es.wikipedia.org\/wiki\/Convenio_sobre_la_prohibici%C3%B3n_de_las_peores_formas_de_trabajo_infantil\">Convenio sobre la prohibici\u00f3n de las peores formas de trabajo infantil<\/a><\/li><li><a href=\"https:\/\/es.wikipedia.org\/wiki\/Convenio_sobre_la_protecci%C3%B3n_y_utilizaci%C3%B3n_de_los_cursos_de_agua_transfronterizos_y_de_los_lagos_internacionales\">Convenio sobre la protecci\u00f3n y utilizaci\u00f3n de los cursos de agua transfronterizos y de los lagos internacionales<\/a><\/li><li><a href=\"https:\/\/es.wikipedia.org\/wiki\/Convenio_sobre_los_Aspectos_Civiles_de_la_Sustracci%C3%B3n_Internacional_de_Menores\">Convenio sobre los Aspectos Civiles de la Sustracci\u00f3n Internacional de Menores<\/a><\/li><li><a href=\"https:\/\/es.wikipedia.org\/wiki\/Convenio_TIR\">Convenio TIR<\/a><\/li><\/ul>\n\n\n\n<h3 class=\"wp-block-heading\">D<\/h3>\n\n\n\n<ul class=\"wp-block-list\"><li><a href=\"https:\/\/es.wikipedia.org\/wiki\/Declaraci%C3%B3n_de_Lisboa\">Declaraci\u00f3n de Lisboa<\/a><\/li><\/ul>\n\n\n\n<h3 class=\"wp-block-heading\">G<\/h3>\n\n\n\n<ul class=\"wp-block-list\"><li><a href=\"https:\/\/es.wikipedia.org\/wiki\/Primer_Convenio_de_Ginebra\">Primer Convenio de Ginebra<\/a><\/li><li><a href=\"https:\/\/es.wikipedia.org\/wiki\/Segundo_Convenio_de_Ginebra\">Segundo Convenio de Ginebra<\/a><\/li><li><a href=\"https:\/\/es.wikipedia.org\/wiki\/Tercer_Convenio_de_Ginebra\">Tercer Convenio de Ginebra<\/a><\/li><li><a href=\"https:\/\/es.wikipedia.org\/wiki\/Cuarto_Convenio_de_Ginebra\">Cuarto Convenio de Ginebra<\/a><\/li><\/ul>\n\n\n\n<h3 class=\"wp-block-heading\">N<\/h3>\n\n\n\n<ul class=\"wp-block-list\"><li><a href=\"https:\/\/es.wikipedia.org\/wiki\/Normas_acerca_de_las_municiones_de_racimo\">Normas acerca de las municiones de racimo<\/a><\/li><\/ul>\n\n\n\n<h3 class=\"wp-block-heading\">P<\/h3>\n\n\n\n<ul class=\"wp-block-list\"><li><a href=\"https:\/\/es.wikipedia.org\/wiki\/Pacto_Internacional_de_Derechos_Civiles_y_Pol%C3%ADticos\">Pacto Internacional de Derechos Civiles y Pol\u00edticos<\/a><\/li><li><a href=\"https:\/\/es.wikipedia.org\/wiki\/Pacto_Internacional_de_Derechos_Econ%C3%B3micos,_Sociales_y_Culturales\">Pacto Internacional de Derechos Econ\u00f3micos, Sociales y Culturales<\/a><\/li><li><a href=\"https:\/\/es.wikipedia.org\/wiki\/Primer_Protocolo_Facultativo_del_Pacto_Internacional_de_Derechos_Civiles_y_Pol%C3%ADticos\">Primer Protocolo Facultativo del Pacto Internacional de Derechos Civiles y Pol\u00edticos<\/a><\/li><li><a href=\"https:\/\/es.wikipedia.org\/wiki\/Protocolo_Adicional_a_la_Convenci%C3%B3n_sobre_el_delito_cibern%C3%A9tico\">Protocolo Adicional a la Convenci\u00f3n sobre el delito cibern\u00e9tico<\/a><\/li><li><a href=\"https:\/\/es.wikipedia.org\/wiki\/Protocolo_de_Cartagena\">Protocolo de Cartagena<\/a><\/li><li><a href=\"https:\/\/es.wikipedia.org\/wiki\/Protocolo_de_Kioto\">Protocolo de Kioto<\/a><\/li><li><a href=\"https:\/\/es.wikipedia.org\/wiki\/Protocolo_de_las_Naciones_Unidas_para_Prevenir,_Reprimir_y_Sancionar_la_Trata_de_Personas,_Especialmente_Mujeres_y_Ni%C3%B1os\">Protocolo de las Naciones Unidas para Prevenir, Reprimir y Sancionar la Trata de Personas, Especialmente Mujeres y Ni\u00f1os<\/a><\/li><li><a href=\"https:\/\/es.wikipedia.org\/wiki\/Protocolo_de_Montreal\">Protocolo de Montreal<\/a><\/li><li><a href=\"https:\/\/es.wikipedia.org\/wiki\/Protocolo_Facultativo_de_la_Convenci%C3%B3n_contra_la_Tortura_y_otros_tratos_o_penas_crueles,_inhumanos_o_degradantes\">Protocolo Facultativo de la Convenci\u00f3n contra la Tortura y otros tratos o penas crueles, inhumanos o degradantes<\/a><\/li><li><a href=\"https:\/\/es.wikipedia.org\/wiki\/Protocolo_Facultativo_de_la_Convenci%C3%B3n_sobre_la_eliminaci%C3%B3n_de_todas_las_formas_de_discriminaci%C3%B3n_contra_la_mujer\">Protocolo Facultativo de la Convenci\u00f3n sobre la eliminaci\u00f3n de todas las formas de discriminaci\u00f3n contra la mujer<\/a><\/li><li><a href=\"https:\/\/es.wikipedia.org\/wiki\/Protocolo_Facultativo_de_la_Convenci%C3%B3n_sobre_los_Derechos_de_las_Personas_con_Discapacidad\">Protocolo Facultativo de la Convenci\u00f3n sobre los Derechos de las Personas con Discapacidad<\/a><\/li><li><a href=\"https:\/\/es.wikipedia.org\/wiki\/Protocolo_Facultativo_del_Pacto_Internacional_de_Derechos_Econ%C3%B3micos,_Sociales_y_Culturales\">Protocolo Facultativo del Pacto Internacional de Derechos Econ\u00f3micos, Sociales y Culturales<\/a><\/li><li><a href=\"https:\/\/es.wikipedia.org\/wiki\/Protocolo_I\">Protocolo I<\/a><\/li><li><a href=\"https:\/\/es.wikipedia.org\/wiki\/Protocolo_II\">Protocolo II<\/a><\/li><li><a href=\"https:\/\/es.wikipedia.org\/wiki\/Protocolo_III\">Protocolo III<\/a><\/li><li><a href=\"https:\/\/es.wikipedia.org\/wiki\/Protocolo_n.%C2%BA_12_a_la_Convenci%C3%B3n_Europea_de_Derechos_Humanos\">Protocolo n.\u00ba 12 a la Convenci\u00f3n Europea de Derechos Humanos<\/a><\/li><\/ul>\n\n\n\n<h3 class=\"wp-block-heading\">R<\/h3>\n\n\n\n<ul class=\"wp-block-list\"><li><a href=\"https:\/\/es.wikipedia.org\/wiki\/Reglamento_Internacional_para_Prevenir_Abordajes\">Reglamento Internacional para Prevenir Abordajes<\/a><\/li><li><a href=\"https:\/\/es.wikipedia.org\/wiki\/Reglas_de_La_Haya-Visby\">Reglas de La Haya-Visby<\/a><\/li><\/ul>\n\n\n\n<h3 class=\"wp-block-heading\">S<\/h3>\n\n\n\n<ul class=\"wp-block-list\"><li><a href=\"https:\/\/es.wikipedia.org\/wiki\/Segundo_Protocolo_Facultativo_del_Pacto_Internacional_de_Derechos_Civiles_y_Pol%C3%ADticos\">Segundo Protocolo Facultativo del Pacto Internacional de Derechos Civiles y Pol\u00edticos<\/a><\/li><\/ul>\n\n\n\n<h3 class=\"wp-block-heading\">T<\/h3>\n\n\n\n<ul class=\"wp-block-list\"><li><a href=\"https:\/\/es.wikipedia.org\/wiki\/Tratado_de_Cielos_Abiertos\">Tratado de Cielos Abiertos<\/a><\/li><li><a href=\"https:\/\/es.wikipedia.org\/wiki\/Tratado_de_comercio_de_armas\">Tratado de comercio de armas<\/a><\/li><li><a href=\"https:\/\/es.wikipedia.org\/wiki\/Tratado_de_cooperaci%C3%B3n_en_materia_de_patentes\">Tratado de cooperaci\u00f3n en materia de patentes<\/a><\/li><li><a href=\"https:\/\/es.wikipedia.org\/wiki\/Tratado_de_la_Carta_de_la_Energ%C3%ADa\">Tratado de la Carta de la Energ\u00eda<\/a><\/li><li><a href=\"https:\/\/es.wikipedia.org\/wiki\/Tratado_de_la_OMPI_sobre_Derecho_de_Autor\">Tratado de la OMPI sobre Derecho de Autor<\/a><\/li><li><a href=\"https:\/\/es.wikipedia.org\/wiki\/Tratado_de_la_OMPI_sobre_Interpretaci%C3%B3n_o_Ejecuci%C3%B3n_y_Fonogramas\">Tratado de la OMPI sobre Interpretaci\u00f3n o Ejecuci\u00f3n y Fonogramas<\/a><\/li><li><a href=\"https:\/\/es.wikipedia.org\/wiki\/Tratado_de_las_Fuerzas_Armadas_Convencionales_en_Europa\">Tratado de las Fuerzas Armadas Convencionales en Europa<\/a><\/li><li><a href=\"https:\/\/es.wikipedia.org\/wiki\/Tratado_de_Londres_(1949)\">Tratado de Londres (1949)<\/a><\/li><li><a href=\"https:\/\/es.wikipedia.org\/wiki\/Tratado_de_No_Proliferaci%C3%B3n_Nuclear\">Tratado de No Proliferaci\u00f3n Nuclear<\/a><\/li><li><a href=\"https:\/\/es.wikipedia.org\/wiki\/Tratado_de_Prohibici%C3%B3n_Completa_de_los_Ensayos_Nucleares\">Tratado de Prohibici\u00f3n Completa de los Ensayos Nucleares<\/a><\/li><li><a href=\"https:\/\/es.wikipedia.org\/wiki\/Tratado_de_prohibici%C3%B3n_parcial_de_ensayos_nucleares\">Tratado de prohibici\u00f3n parcial de ensayos nucleares<\/a><\/li><li><a href=\"https:\/\/es.wikipedia.org\/wiki\/Tratado_Internacional_sobre_los_Recursos_Fitogen%C3%A9ticos_para_la_Alimentaci%C3%B3n_y_la_Agricultura\">Tratado Internacional sobre los Recursos Fitogen\u00e9ticos para la Alimentaci\u00f3n y la Agricultura<\/a><\/li><li><a href=\"https:\/\/es.wikipedia.org\/wiki\/Tratado_sobre_el_espacio_ultraterrestre\">Tratado sobre el espacio ultraterrestre<\/a><\/li><\/ul>\n\n\n\n<p><\/p>\n","protected":false},"excerpt":{"rendered":"<p>Lista de tratados pendientes de revisi\u00f3n a los que la Rep\u00fablica Beligerante declara mediante la presente que estudia para su firma, ratificado y adhesi\u00f3n. A Acuerdo de Par\u00eds Acuerdo General sobre Aranceles Aduaneros y Comercio Acuerdo General sobre el Comercio de Servicios Acuerdo sobre la Aplicaci\u00f3n de Medidas Sanitarias y Fitosanitarias Acuerdo sobre los Aspectos&#8230;<\/p>\n","protected":false},"author":1,"featured_media":0,"parent":0,"menu_order":0,"comment_status":"closed","ping_status":"closed","template":"","meta":{"footnotes":""},"class_list":["post-53","page","type-page","status-publish","hentry"],"_links":{"self":[{"href":"https:\/\/republicabeligerante.com\/index.php\/wp-json\/wp\/v2\/pages\/53","targetHints":{"allow":["GET"]}}],"collection":[{"href":"https:\/\/republicabeligerante.com\/index.php\/wp-json\/wp\/v2\/pages"}],"about":[{"href":"https:\/\/republicabeligerante.com\/index.php\/wp-json\/wp\/v2\/types\/page"}],"author":[{"embeddable":true,"href":"https:\/\/republicabeligerante.com\/index.php\/wp-json\/wp\/v2\/users\/1"}],"replies":[{"embeddable":true,"href":"https:\/\/republicabeligerante.com\/index.php\/wp-json\/wp\/v2\/comments?post=53"}],"version-history":[{"count":5,"href":"https:\/\/republicabeligerante.com\/index.php\/wp-json\/wp\/v2\/pages\/53\/revisions"}],"predecessor-version":[{"id":68,"href":"https:\/\/republicabeligerante.com\/index.php\/wp-json\/wp\/v2\/pages\/53\/revisions\/68"}],"wp:attachment":[{"href":"https:\/\/republicabeligerante.com\/index.php\/wp-json\/wp\/v2\/media?parent=53"}],"curies":[{"name":"wp","href":"https:\/\/api.w.org\/{rel}","templated":true}]}}